{"id":8925,"date":"2020-12-02T15:20:03","date_gmt":"2020-12-02T12:20:03","guid":{"rendered":"https:\/\/eqman.co\/koszt\/"},"modified":"2022-05-05T15:42:01","modified_gmt":"2022-05-05T12:42:01","slug":"pricing","status":"publish","type":"page","link":"https:\/\/eqman.co\/pl\/pricing\/","title":{"rendered":"Koszt"},"content":{"rendered":"<table id=\"pricing-table\">\n<colgroup>\n<col style=\"width: 25%;\" span=\"1\">\n<col style=\"width: 13%;\" span=\"1\">\n<col style=\"width: 13%;\" span=\"1\">\n<col style=\"width: 13%;\" span=\"1\">\n<col style=\"width: 13%;\" span=\"1\">\n<col style=\"width: 13%;\" span=\"1\"> <\/colgroup>\n<thead>\n<tr>\n<td><\/td>\n<td>Free<\/td>\n<td>Start<\/td>\n<td>Optimal<\/td>\n<td>Optimal Smart<\/td>\n<td>Optimal+<\/td>\n<td>Premium<\/td>\n<\/tr>\n<\/thead>\n<tbody>\n<tr>\n<td>Liczba pozycji inwentarzowych<\/td>\n<td>50<\/td>\n<td>300<\/td>\n<td>400<\/td>\n<td>1000<\/td>\n<td>2 500<\/td>\n<td><span class=\"unlim\">\u221e<\/span><\/td>\n<\/tr>\n<tr>\n<td>Liczba u\u017cytkownik\u00f3w<\/td>\n<td>1<\/td>\n<td>4<\/td>\n<td>40<\/td>\n<td>70<\/td>\n<td>100<\/td>\n<td><span class=\"unlim\">\u221e<\/span><\/td>\n<\/tr>\n<tr>\n<td>Bezpieczne przechowywanie w chmurze<\/td>\n<td><img src=\"\/wp-content\/themes\/eqman\/images\/orange-check.jpg\" width=\"20\"><\/td>\n<td><img src=\"\/wp-content\/themes\/eqman\/images\/orange-check.jpg\" width=\"20\"><\/td>\n<td><img src=\"\/wp-content\/themes\/eqman\/images\/orange-check.jpg\" width=\"20\"><\/td>\n<td><img src=\"\/wp-content\/themes\/eqman\/images\/orange-check.jpg\" width=\"20\"><\/td>\n<td><img src=\"\/wp-content\/themes\/eqman\/images\/green-check.jpg\" width=\"20\"><\/td>\n<td><img src=\"\/wp-content\/themes\/eqman\/images\/orange-check.jpg\" width=\"20\"><\/td>\n<\/tr>\n<tr>\n<td>Analityka, raporty o przesuni\u0119ciach towar\u00f3w i materia\u0142\u00f3w<\/td>\n<td><img src=\"\/wp-content\/themes\/eqman\/images\/orange-check.jpg\" width=\"20\"><\/td>\n<td><img src=\"\/wp-content\/themes\/eqman\/images\/orange-check.jpg\" width=\"20\"><\/td>\n<td><img src=\"\/wp-content\/themes\/eqman\/images\/orange-check.jpg\" width=\"20\"><\/td>\n<td><img src=\"\/wp-content\/themes\/eqman\/images\/orange-check.jpg\" width=\"20\"><\/td>\n<td><img src=\"\/wp-content\/themes\/eqman\/images\/green-check.jpg\" width=\"20\"><\/td>\n<td><img src=\"\/wp-content\/themes\/eqman\/images\/orange-check.jpg\" width=\"20\"><\/td>\n<\/tr>\n<tr>\n<td>Zaawansowane wyszukiwanie pozycji inwentarzowych<\/td>\n<td><img src=\"\/wp-content\/themes\/eqman\/images\/orange-check.jpg\" width=\"20\"><\/td>\n<td><img src=\"\/wp-content\/themes\/eqman\/images\/orange-check.jpg\" width=\"20\"><\/td>\n<td><img src=\"\/wp-content\/themes\/eqman\/images\/orange-check.jpg\" width=\"20\"><\/td>\n<td><img src=\"\/wp-content\/themes\/eqman\/images\/orange-check.jpg\" width=\"20\"><\/td>\n<td><img src=\"\/wp-content\/themes\/eqman\/images\/green-check.jpg\" width=\"20\"><\/td>\n<td><img src=\"\/wp-content\/themes\/eqman\/images\/orange-check.jpg\" width=\"20\"><\/td>\n<\/tr>\n<tr>\n<td>Skanowanie dowolnych istniej\u0105cych kod\u00f3w kreskowych i kod\u00f3w QR<\/td>\n<td><img src=\"\/wp-content\/themes\/eqman\/images\/orange-check.jpg\" width=\"20\"><\/td>\n<td><img src=\"\/wp-content\/themes\/eqman\/images\/orange-check.jpg\" width=\"20\"><\/td>\n<td><img src=\"\/wp-content\/themes\/eqman\/images\/orange-check.jpg\" width=\"20\"><\/td>\n<td><img src=\"\/wp-content\/themes\/eqman\/images\/orange-check.jpg\" width=\"20\"><\/td>\n<td><img src=\"\/wp-content\/themes\/eqman\/images\/green-check.jpg\" width=\"20\"><\/td>\n<td><img src=\"\/wp-content\/themes\/eqman\/images\/orange-check.jpg\" width=\"20\"><\/td>\n<\/tr>\n<tr>\n<td>Generuj unikalne kody QR<\/td>\n<td><img src=\"\/wp-content\/themes\/eqman\/images\/orange-check.jpg\" width=\"20\"><\/td>\n<td><img src=\"\/wp-content\/themes\/eqman\/images\/orange-check.jpg\" width=\"20\"><\/td>\n<td><img src=\"\/wp-content\/themes\/eqman\/images\/orange-check.jpg\" width=\"20\"><\/td>\n<td><img src=\"\/wp-content\/themes\/eqman\/images\/orange-check.jpg\" width=\"20\"><\/td>\n<td><img src=\"\/wp-content\/themes\/eqman\/images\/green-check.jpg\" width=\"20\"><\/td>\n<td><img src=\"\/wp-content\/themes\/eqman\/images\/orange-check.jpg\" width=\"20\"><\/td>\n<\/tr>\n<tr>\n<td>Funkcja przyjmowania\/przekazywania towar\u00f3w i materia\u0142\u00f3w pomi\u0119dzy pracownikami<\/td>\n<td><img src=\"\/wp-content\/themes\/eqman\/images\/orange-check.jpg\" width=\"20\"><\/td>\n<td><img src=\"\/wp-content\/themes\/eqman\/images\/orange-check.jpg\" width=\"20\"><\/td>\n<td><img src=\"\/wp-content\/themes\/eqman\/images\/orange-check.jpg\" width=\"20\"><\/td>\n<td><img src=\"\/wp-content\/themes\/eqman\/images\/orange-check.jpg\" width=\"20\"><\/td>\n<td><img src=\"\/wp-content\/themes\/eqman\/images\/green-check.jpg\" width=\"20\"><\/td>\n<td><img src=\"\/wp-content\/themes\/eqman\/images\/orange-check.jpg\" width=\"20\"><\/td>\n<\/tr>\n<tr>\n<td>Odpisy aktualizuj\u0105ce warto\u015b\u0107 pozycji inwentarzowych<\/td>\n<td><img src=\"\/wp-content\/themes\/eqman\/images\/orange-check.jpg\" width=\"20\"><\/td>\n<td><img src=\"\/wp-content\/themes\/eqman\/images\/orange-check.jpg\" width=\"20\"><\/td>\n<td><img src=\"\/wp-content\/themes\/eqman\/images\/orange-check.jpg\" width=\"20\"><\/td>\n<td><img src=\"\/wp-content\/themes\/eqman\/images\/orange-check.jpg\" width=\"20\"><\/td>\n<td><img src=\"\/wp-content\/themes\/eqman\/images\/green-check.jpg\" width=\"20\"><\/td>\n<td><img src=\"\/wp-content\/themes\/eqman\/images\/orange-check.jpg\" width=\"20\"><\/td>\n<\/tr>\n<tr>\n<td>Instalowanie<\/td>\n<td><img src=\"\/wp-content\/themes\/eqman\/images\/orange-check.jpg\" width=\"20\"><\/td>\n<td><img src=\"\/wp-content\/themes\/eqman\/images\/orange-check.jpg\" width=\"20\"><\/td>\n<td><img src=\"\/wp-content\/themes\/eqman\/images\/orange-check.jpg\" width=\"20\"><\/td>\n<td><img src=\"\/wp-content\/themes\/eqman\/images\/orange-check.jpg\" width=\"20\"><\/td>\n<td><img src=\"\/wp-content\/themes\/eqman\/images\/green-check.jpg\" width=\"20\"><\/td>\n<td><img src=\"\/wp-content\/themes\/eqman\/images\/orange-check.jpg\" width=\"20\"><\/td>\n<\/tr>\n<tr>\n<td>Dodawanie Obiekt\u00f3w i Lokalizacji<\/td>\n<td><img src=\"\/wp-content\/themes\/eqman\/images\/orange-check.jpg\" width=\"20\"><\/td>\n<td><img src=\"\/wp-content\/themes\/eqman\/images\/orange-check.jpg\" width=\"20\"><\/td>\n<td><img src=\"\/wp-content\/themes\/eqman\/images\/orange-check.jpg\" width=\"20\"><\/td>\n<td><img src=\"\/wp-content\/themes\/eqman\/images\/orange-check.jpg\" width=\"20\"><\/td>\n<td><img src=\"\/wp-content\/themes\/eqman\/images\/green-check.jpg\" width=\"20\"><\/td>\n<td><img src=\"\/wp-content\/themes\/eqman\/images\/orange-check.jpg\" width=\"20\"><\/td>\n<\/tr>\n<tr>\n<td>Inwentaryzacja<\/td>\n<td><img src=\"\/wp-content\/themes\/eqman\/images\/close.jpg\" width=\"20\"><\/td>\n<td><img src=\"\/wp-content\/themes\/eqman\/images\/orange-check.jpg\" width=\"20\"><\/td>\n<td><img src=\"\/wp-content\/themes\/eqman\/images\/orange-check.jpg\" width=\"20\"><\/td>\n<td><img src=\"\/wp-content\/themes\/eqman\/images\/orange-check.jpg\" width=\"20\"><\/td>\n<td><img src=\"\/wp-content\/themes\/eqman\/images\/green-check.jpg\" width=\"20\"><\/td>\n<td><img src=\"\/wp-content\/themes\/eqman\/images\/orange-check.jpg\" width=\"20\"><\/td>\n<\/tr>\n<tr>\n<td>Dodawanie p\u00f3l niestandardowych do pozycji inwentarzowych<\/td>\n<td><img src=\"\/wp-content\/themes\/eqman\/images\/close.jpg\" width=\"20\"><\/td>\n<td><img src=\"\/wp-content\/themes\/eqman\/images\/orange-check.jpg\" width=\"20\"><\/td>\n<td><img src=\"\/wp-content\/themes\/eqman\/images\/orange-check.jpg\" width=\"20\"><\/td>\n<td><img src=\"\/wp-content\/themes\/eqman\/images\/orange-check.jpg\" width=\"20\"><\/td>\n<td><img src=\"\/wp-content\/themes\/eqman\/images\/green-check.jpg\" width=\"20\"><\/td>\n<td><img src=\"\/wp-content\/themes\/eqman\/images\/orange-check.jpg\" width=\"20\"><\/td>\n<\/tr>\n<tr>\n<td>Wczytaj pozycje za pomoc\u0105 pliku<\/td>\n<td><img src=\"\/wp-content\/themes\/eqman\/images\/close.jpg\" width=\"20\"><\/td>\n<td><img src=\"\/wp-content\/themes\/eqman\/images\/orange-check.jpg\" width=\"20\"><\/td>\n<td><img src=\"\/wp-content\/themes\/eqman\/images\/orange-check.jpg\" width=\"20\"><\/td>\n<td><img src=\"\/wp-content\/themes\/eqman\/images\/orange-check.jpg\" width=\"20\"><\/td>\n<td><img src=\"\/wp-content\/themes\/eqman\/images\/green-check.jpg\" width=\"20\"><\/td>\n<td><img src=\"\/wp-content\/themes\/eqman\/images\/orange-check.jpg\" width=\"20\"><\/td>\n<\/tr>\n<tr>\n<td>Dostosowanie danych w tabeli wykazu towar\u00f3w i materia\u0142\u00f3w<\/td>\n<td><img src=\"\/wp-content\/themes\/eqman\/images\/close.jpg\" width=\"20\"><\/td>\n<td style=\"color: #b8ccdf;\">soon<\/td>\n<td style=\"color: #b8ccdf;\">soon<\/td>\n<td style=\"color: #b8ccdf;\">soon<\/td>\n<td style=\"color: #b8ccdf;\">soon<\/td>\n<td style=\"color: #b8ccdf;\">soon<\/td>\n<\/tr>\n<tr>\n<td>Pobieranie raport\u00f3w CSV\/PDF<\/td>\n<td><img src=\"\/wp-content\/themes\/eqman\/images\/close.jpg\" width=\"20\"><\/td>\n<td><img src=\"\/wp-content\/themes\/eqman\/images\/orange-check.jpg\" width=\"20\"><\/td>\n<td><img src=\"\/wp-content\/themes\/eqman\/images\/orange-check.jpg\" width=\"20\"><\/td>\n<td><img src=\"\/wp-content\/themes\/eqman\/images\/orange-check.jpg\" width=\"20\"><\/td>\n<td><img src=\"\/wp-content\/themes\/eqman\/images\/green-check.jpg\" width=\"20\"><\/td>\n<td><img src=\"\/wp-content\/themes\/eqman\/images\/orange-check.jpg\" width=\"20\"><\/td>\n<\/tr>\n<tr>\n<td>Dodawanie zdj\u0119\u0107 do pozycji inwentarzowych<\/td>\n<td><img src=\"\/wp-content\/themes\/eqman\/images\/close.jpg\" width=\"20\"><\/td>\n<td><img src=\"\/wp-content\/themes\/eqman\/images\/orange-check.jpg\" width=\"20\"><\/td>\n<td><img src=\"\/wp-content\/themes\/eqman\/images\/orange-check.jpg\" width=\"20\"><\/td>\n<td><img src=\"\/wp-content\/themes\/eqman\/images\/orange-check.jpg\" width=\"20\"><\/td>\n<td><img src=\"\/wp-content\/themes\/eqman\/images\/green-check.jpg\" width=\"20\"><\/td>\n<td><img src=\"\/wp-content\/themes\/eqman\/images\/orange-check.jpg\" width=\"20\"><\/td>\n<\/tr>\n<tr>\n<td>Elastyczne ustawienia r\u00f3l dla u\u017cytkownik\u00f3w<\/td>\n<td><img src=\"\/wp-content\/themes\/eqman\/images\/close.jpg\" width=\"20\"><\/td>\n<td style=\"color: #b8ccdf;\">soon<\/td>\n<td><img src=\"\/wp-content\/themes\/eqman\/images\/close.jpg\" width=\"20\"><\/td>\n<td style=\"color: #b8ccdf;\">soon<\/td>\n<td style=\"color: #b8ccdf;\">soon<\/td>\n<td style=\"color: #b8ccdf;\">soon<\/td>\n<\/tr>\n<\/tbody>\n<\/table>","protected":false},"excerpt":{"rendered":"<p>Free Start Optimal Optimal Smart Optimal+ Premium Liczba pozycji inwentarzowych 50 300 400 1000 2 500 \u221e Liczba u\u017cytkownik\u00f3w 1 4 40 70 100 \u221e Bezpieczne przechowywanie w chmurze Analityka, raporty o przesuni\u0119ciach towar\u00f3w i materia\u0142\u00f3w Zaawansowane wyszukiwanie pozycji inwentarzowych Skanowanie dowolnych istniej\u0105cych kod\u00f3w kreskowych i kod\u00f3w QR Generuj unikalne kody QR Funkcja przyjmowania\/przekazywania towar\u00f3w [&hellip;]<\/p>\n","protected":false},"author":1,"featured_media":7692,"parent":0,"menu_order":0,"comment_status":"closed","ping_status":"closed","template":"","meta":[],"yoast_head":"<!-- This site is optimized with the Yoast SEO plugin v15.6.2 - https:\/\/yoast.com\/wordpress\/plugins\/seo\/ -->\n<title>Taryfy dla programu EqMan. Optymalny koszt pakietu<\/title>\n<meta name=\"description\" content=\"Cena za us\u0142ug\u0119 programu EqMan. Wypr\u00f3buj program za darmo.\" \/>\n<meta name=\"robots\" content=\"index, follow, max-snippet:-1, max-image-preview:large, max-video-preview:-1\" \/>\n<link rel=\"canonical\" href=\"https:\/\/eqman.co\/pl\/pricing\/\" \/>\n<meta property=\"og:locale\" content=\"pl_PL\" \/>\n<meta property=\"og:type\" content=\"article\" \/>\n<meta property=\"og:title\" content=\"Taryfy dla programu EqMan. Optymalny koszt pakietu\" \/>\n<meta property=\"og:description\" content=\"Cena za us\u0142ug\u0119 programu EqMan. Wypr\u00f3buj program za darmo.\" \/>\n<meta property=\"og:url\" content=\"https:\/\/eqman.co\/pl\/pricing\/\" \/>\n<meta property=\"og:site_name\" content=\"Eqman\" \/>\n<meta property=\"article:publisher\" content=\"https:\/\/www.facebook.com\/eqman.co\" \/>\n<meta property=\"article:modified_time\" content=\"2022-05-05T12:42:01+00:00\" \/>\n<meta property=\"og:image\" content=\"https:\/\/eqman.co\/wp-content\/uploads\/2021\/02\/pricing-header-min.jpg\" \/>\n\t<meta property=\"og:image:width\" content=\"1920\" \/>\n\t<meta property=\"og:image:height\" content=\"491\" \/>\n<meta name=\"twitter:card\" content=\"summary_large_image\" \/>\n<meta name=\"twitter:label1\" content=\"Est. reading time\">\n\t<meta name=\"twitter:data1\" content=\"1 minuta\">\n<script type=\"application\/ld+json\" class=\"yoast-schema-graph\">{\"@context\":\"https:\/\/schema.org\",\"@graph\":[{\"@type\":\"WebSite\",\"@id\":\"https:\/\/eqman.co\/#website\",\"url\":\"https:\/\/eqman.co\/\",\"name\":\"Eqman\",\"description\":\"\\u0440\\u0435\\u0448\\u0435\\u043d\\u0438\\u0435 \\u0434\\u043b\\u044f \\u0442\\u0440\\u0435\\u043a\\u0438\\u043d\\u0433\\u0430 \\u0438 \\u0438\\u043d\\u0432\\u0435\\u043d\\u0442\\u0430\\u0440\\u0438\\u0437\\u0430\\u0446\\u0438\\u0438 \\u0422\\u041c \\u0446\\u0435\\u043d\\u043d\\u043e\\u0441\\u0442\\u0435\\u0439 \\u0438 \\u0438\\u043d\\u0441\\u0442\\u0440\\u0443\\u043c\\u0435\\u043d\\u0442\\u0430\",\"potentialAction\":[{\"@type\":\"SearchAction\",\"target\":\"https:\/\/eqman.co\/?s={search_term_string}\",\"query-input\":\"required name=search_term_string\"}],\"inLanguage\":\"pl-PL\"},{\"@type\":\"ImageObject\",\"@id\":\"https:\/\/eqman.co\/pl\/pricing\/#primaryimage\",\"inLanguage\":\"pl-PL\",\"url\":\"https:\/\/eqman.co\/wp-content\/uploads\/2021\/02\/pricing-header-min.jpg\",\"width\":1920,\"height\":491},{\"@type\":\"WebPage\",\"@id\":\"https:\/\/eqman.co\/pl\/pricing\/#webpage\",\"url\":\"https:\/\/eqman.co\/pl\/pricing\/\",\"name\":\"Taryfy dla programu EqMan. Optymalny koszt pakietu\",\"isPartOf\":{\"@id\":\"https:\/\/eqman.co\/#website\"},\"primaryImageOfPage\":{\"@id\":\"https:\/\/eqman.co\/pl\/pricing\/#primaryimage\"},\"datePublished\":\"2020-12-02T12:20:03+00:00\",\"dateModified\":\"2022-05-05T12:42:01+00:00\",\"description\":\"Cena za us\\u0142ug\\u0119 programu EqMan. Wypr\\u00f3buj program za darmo.\",\"inLanguage\":\"pl-PL\",\"potentialAction\":[{\"@type\":\"ReadAction\",\"target\":[\"https:\/\/eqman.co\/pl\/pricing\/\"]}]}]}<\/script>\n<!-- \/ Yoast SEO plugin. -->","_links":{"self":[{"href":"https:\/\/eqman.co\/pl\/wp-json\/wp\/v2\/pages\/8925"}],"collection":[{"href":"https:\/\/eqman.co\/pl\/wp-json\/wp\/v2\/pages"}],"about":[{"href":"https:\/\/eqman.co\/pl\/wp-json\/wp\/v2\/types\/page"}],"author":[{"embeddable":true,"href":"https:\/\/eqman.co\/pl\/wp-json\/wp\/v2\/users\/1"}],"replies":[{"embeddable":true,"href":"https:\/\/eqman.co\/pl\/wp-json\/wp\/v2\/comments?post=8925"}],"version-history":[{"count":2,"href":"https:\/\/eqman.co\/pl\/wp-json\/wp\/v2\/pages\/8925\/revisions"}],"predecessor-version":[{"id":9201,"href":"https:\/\/eqman.co\/pl\/wp-json\/wp\/v2\/pages\/8925\/revisions\/9201"}],"wp:featuredmedia":[{"embeddable":true,"href":"https:\/\/eqman.co\/pl\/wp-json\/wp\/v2\/media\/7692"}],"wp:attachment":[{"href":"https:\/\/eqman.co\/pl\/wp-json\/wp\/v2\/media?parent=8925"}],"curies":[{"name":"wp","href":"https:\/\/api.w.org\/{rel}","templated":true}]}}