{"id":8916,"date":"2021-03-21T18:54:26","date_gmt":"2021-03-21T15:54:26","guid":{"rendered":"https:\/\/eqman.co\/program-ewidencji-i-wydawania-narzedzi\/"},"modified":"2022-05-15T17:18:28","modified_gmt":"2022-05-15T14:18:28","slug":"program-ewidencji-i-wydawania-narzedzi","status":"publish","type":"page","link":"https:\/\/eqman.co\/pl\/program-ewidencji-i-wydawania-narzedzi\/","title":{"rendered":"Program ewidencji i wydawania narz\u0119dzi"},"content":{"rendered":"\n<p>Rachunkowo\u015b\u0107 budowlana z EqMan &#8211; mo\u017ce by\u0107 prosta, jasna i przejrzysta<\/p>\n<blockquote class=\"wp-block-quote\">\n<p>Czy narz\u0119dzia s\u0105 kradzione, gubione i \u0142amane?<\/p>\n<p>Czy ci\u0105gle zastanawiasz si\u0119, gdzie s\u0105 Twoje aktywa i kto jest za nie odpowiedzialny?<\/p>\n<p>Pozw\u00f3l swoim zespo\u0142om i konstruktorom pracowa\u0107, a nie szuka\u0107 narz\u0119dzi<\/p>\n<\/blockquote>\n","protected":false},"excerpt":{"rendered":"<p>Rachunkowo\u015b\u0107 budowlana z EqMan &#8211; mo\u017ce by\u0107 prosta, jasna i przejrzysta Czy narz\u0119dzia s\u0105 kradzione, gubione i \u0142amane? Czy ci\u0105gle zastanawiasz si\u0119, gdzie s\u0105 Twoje aktywa i kto jest za nie odpowiedzialny? Pozw\u00f3l swoim zespo\u0142om i konstruktorom pracowa\u0107, a nie szuka\u0107 narz\u0119dzi<\/p>\n","protected":false},"author":1,"featured_media":7716,"parent":0,"menu_order":0,"comment_status":"closed","ping_status":"closed","template":"page-uchet-v-stroitelstve.php","meta":[],"yoast_head":"<!-- This site is optimized with the Yoast SEO plugin v15.6.2 - https:\/\/yoast.com\/wordpress\/plugins\/seo\/ -->\n<title>Program ksi\u0119gowo\u015bci i wydawania narz\u0119dzi. Rachunkowo\u015b\u0107 w budowie EqMan<\/title>\n<meta name=\"description\" content=\"Program do rozliczania i wydawania narz\u0119dzi w budownictwie. Organizacja rozliczania materia\u0142\u00f3w na budowie. Rachunkowo\u015b\u0107 towar\u00f3w i materia\u0142\u00f3w w budownictwie.\" \/>\n<meta name=\"robots\" content=\"index, follow, max-snippet:-1, max-image-preview:large, max-video-preview:-1\" \/>\n<link rel=\"canonical\" href=\"https:\/\/eqman.co\/pl\/program-ewidencji-i-wydawania-narzedzi\/\" \/>\n<meta property=\"og:locale\" content=\"pl_PL\" \/>\n<meta property=\"og:type\" content=\"article\" \/>\n<meta property=\"og:title\" content=\"Program ksi\u0119gowo\u015bci i wydawania narz\u0119dzi. Rachunkowo\u015b\u0107 w budowie EqMan\" \/>\n<meta property=\"og:description\" content=\"Program do rozliczania i wydawania narz\u0119dzi w budownictwie. Organizacja rozliczania materia\u0142\u00f3w na budowie. Rachunkowo\u015b\u0107 towar\u00f3w i materia\u0142\u00f3w w budownictwie.\" \/>\n<meta property=\"og:url\" content=\"https:\/\/eqman.co\/pl\/program-ewidencji-i-wydawania-narzedzi\/\" \/>\n<meta property=\"og:site_name\" content=\"Eqman\" \/>\n<meta property=\"article:publisher\" content=\"https:\/\/www.facebook.com\/eqman.co\" \/>\n<meta property=\"article:modified_time\" content=\"2022-05-15T14:18:28+00:00\" \/>\n<meta property=\"og:image\" content=\"https:\/\/eqman.co\/wp-content\/uploads\/2021\/03\/bulding-bg-min.jpg\" \/>\n\t<meta property=\"og:image:width\" content=\"1920\" \/>\n\t<meta property=\"og:image:height\" content=\"1000\" \/>\n<meta name=\"twitter:card\" content=\"summary_large_image\" \/>\n<script type=\"application\/ld+json\" class=\"yoast-schema-graph\">{\"@context\":\"https:\/\/schema.org\",\"@graph\":[{\"@type\":\"WebSite\",\"@id\":\"https:\/\/eqman.co\/#website\",\"url\":\"https:\/\/eqman.co\/\",\"name\":\"Eqman\",\"description\":\"\\u0440\\u0435\\u0448\\u0435\\u043d\\u0438\\u0435 \\u0434\\u043b\\u044f \\u0442\\u0440\\u0435\\u043a\\u0438\\u043d\\u0433\\u0430 \\u0438 \\u0438\\u043d\\u0432\\u0435\\u043d\\u0442\\u0430\\u0440\\u0438\\u0437\\u0430\\u0446\\u0438\\u0438 \\u0422\\u041c \\u0446\\u0435\\u043d\\u043d\\u043e\\u0441\\u0442\\u0435\\u0439 \\u0438 \\u0438\\u043d\\u0441\\u0442\\u0440\\u0443\\u043c\\u0435\\u043d\\u0442\\u0430\",\"potentialAction\":[{\"@type\":\"SearchAction\",\"target\":\"https:\/\/eqman.co\/?s={search_term_string}\",\"query-input\":\"required name=search_term_string\"}],\"inLanguage\":\"pl-PL\"},{\"@type\":\"ImageObject\",\"@id\":\"https:\/\/eqman.co\/pl\/program-ewidencji-i-wydawania-narzedzi\/#primaryimage\",\"inLanguage\":\"pl-PL\",\"url\":\"https:\/\/eqman.co\/wp-content\/uploads\/2021\/03\/bulding-bg-min.jpg\",\"width\":1920,\"height\":1000},{\"@type\":\"WebPage\",\"@id\":\"https:\/\/eqman.co\/pl\/program-ewidencji-i-wydawania-narzedzi\/#webpage\",\"url\":\"https:\/\/eqman.co\/pl\/program-ewidencji-i-wydawania-narzedzi\/\",\"name\":\"Program ksi\\u0119gowo\\u015bci i wydawania narz\\u0119dzi. Rachunkowo\\u015b\\u0107 w budowie EqMan\",\"isPartOf\":{\"@id\":\"https:\/\/eqman.co\/#website\"},\"primaryImageOfPage\":{\"@id\":\"https:\/\/eqman.co\/pl\/program-ewidencji-i-wydawania-narzedzi\/#primaryimage\"},\"datePublished\":\"2021-03-21T15:54:26+00:00\",\"dateModified\":\"2022-05-15T14:18:28+00:00\",\"description\":\"Program do rozliczania i wydawania narz\\u0119dzi w budownictwie. Organizacja rozliczania materia\\u0142\\u00f3w na budowie. Rachunkowo\\u015b\\u0107 towar\\u00f3w i materia\\u0142\\u00f3w w budownictwie.\",\"inLanguage\":\"pl-PL\",\"potentialAction\":[{\"@type\":\"ReadAction\",\"target\":[\"https:\/\/eqman.co\/pl\/program-ewidencji-i-wydawania-narzedzi\/\"]}]}]}<\/script>\n<!-- \/ Yoast SEO plugin. -->","_links":{"self":[{"href":"https:\/\/eqman.co\/pl\/wp-json\/wp\/v2\/pages\/8916"}],"collection":[{"href":"https:\/\/eqman.co\/pl\/wp-json\/wp\/v2\/pages"}],"about":[{"href":"https:\/\/eqman.co\/pl\/wp-json\/wp\/v2\/types\/page"}],"author":[{"embeddable":true,"href":"https:\/\/eqman.co\/pl\/wp-json\/wp\/v2\/users\/1"}],"replies":[{"embeddable":true,"href":"https:\/\/eqman.co\/pl\/wp-json\/wp\/v2\/comments?post=8916"}],"version-history":[{"count":3,"href":"https:\/\/eqman.co\/pl\/wp-json\/wp\/v2\/pages\/8916\/revisions"}],"predecessor-version":[{"id":9303,"href":"https:\/\/eqman.co\/pl\/wp-json\/wp\/v2\/pages\/8916\/revisions\/9303"}],"wp:featuredmedia":[{"embeddable":true,"href":"https:\/\/eqman.co\/pl\/wp-json\/wp\/v2\/media\/7716"}],"wp:attachment":[{"href":"https:\/\/eqman.co\/pl\/wp-json\/wp\/v2\/media?parent=8916"}],"curies":[{"name":"wp","href":"https:\/\/api.w.org\/{rel}","templated":true}]}}